{"id":42,"date":"2023-08-20T18:48:26","date_gmt":"2023-08-20T18:48:26","guid":{"rendered":"https:\/\/kgv-amdammsteg.de\/?page_id=42"},"modified":"2026-04-24T15:38:42","modified_gmt":"2026-04-24T15:38:42","slug":"impressum","status":"publish","type":"page","link":"https:\/\/kgv-amdammsteg.de\/?page_id=42","title":{"rendered":"Impressum"},"content":{"rendered":"\n<p><\/p>\n\n\n\n<p>Angaben gem\u00e4\u00df \u00a7 5 TMG:<\/p>\n\n\n\n<p>Kleingartenverein Daueranlage Am Dammsteg e.V.<\/p>\n\n\n\n<p>Hersfelder Str. 8<\/p>\n\n\n\n<p>40229 D\u00fcsseldorf<\/p>\n\n\n\n<p><strong>Vertreten durch:<\/strong><\/p>\n\n\n\n<p><strong>1. Vorsitzender:<\/strong>&nbsp;Hans Jenschke <\/p>\n\n\n\n<p><strong>2. Vorsitzender:<\/strong>\u00a0Mario Raszeja<\/p>\n\n\n\n<p><strong>Schriftf\u00fchrer:<\/strong>\u00a0Nina Grethe<\/p>\n\n\n\n<p><strong>Kassiererin:<\/strong>&nbsp;Claudia Schmidt <\/p>\n\n\n\n<p><strong>Fachberater:<\/strong>&nbsp;Marco Eichhorn <\/p>\n\n\n\n<p><strong>Kontakt:<\/strong><\/p>\n\n\n\n<p>E-Mail: info@kgv-amdammsteg.de<\/p>\n\n\n\n<p class=\"has-medium-font-size\"><strong>Registereintrag:<\/strong><\/p>\n\n\n\n<p>Eintragung im Vereinsregister Registergericht: Amtsgericht D\u00fcsseldorf Registernummer:<\/p>\n\n\n\n<p>Verantwortlich f\u00fcr den Inhalt der Website nach \u00a7 55 Abs. 2 RStV:<br>Hans Jenschke, E-Mail: info@kgv-amdammsteg.de<br>Der Betreiber der Seite \u00fcbernimmt keinerlei Gew\u00e4hr f\u00fcr die Vollst\u00e4ndigkeit, Aktualit\u00e4t, Korrektheit, oder Qualit\u00e4t der bereitgestellten Informationen. Haftungsanspr\u00fcche gegen den Betreiber der Seite, welche sich auf Sch\u00e4den beziehen, die durch die Nutzung der dargebotenen Informationen bzw. durch die Nutzung fehlerhafter und unvollst\u00e4ndiger Informationen verursacht wurden sind grunds\u00e4tzlich ausgeschlossen, sofern vom Betreiber der Seite kein nachweislich vors\u00e4tzliches oder grob fahrl\u00e4ssiges Verschulden vorliegt. Der Betreiber der Seite beh\u00e4lt es sich ausdr\u00fccklich vor, Teile der Seiten oder das gesamte Angebot ohne gesonderte Ank\u00fcndigung zu ver\u00e4ndern, zu erg\u00e4nzen, zu l\u00f6schen oder die Ver\u00f6ffentlichung zeitweise oder endg\u00fcltig einzustellen. Alle Informationen sind freibleibend und unverbindlich.<\/p>\n\n\n\n<p class=\"has-medium-font-size\"><strong>Bankverbindung:<\/strong><\/p>\n\n\n\n<p>Stadt-Sparkasse D\u00fcsseldorf IBAN DE 10 3005 0110 0026 0161 13 BIC DUSSDEDDXXX<\/p>\n\n\n\n<p class=\"has-medium-font-size\"><strong>Haftung f\u00fcr Inhalte<\/strong><\/p>\n\n\n\n<p>Als Diensteanbieter sind wir gem\u00e4\u00df \u00a7 7 Abs.1 TMG f\u00fcr eigene Inhalte auf diesen Seiten nach den allgemeinen Gesetzen verantwortlich. Nach \u00a7\u00a7 8 bis 10 TMG sind wir als Diensteanbieter jedoch nicht verpflichtet, \u00fcbermittelte oder gespeicherte fremde Informationen zu \u00fcberwachen oder nach Umst\u00e4nden zu forschen, die auf eine rechtswidrige T\u00e4tigkeit hinweisen. Verpflichtungen zur Entfernung oder Sperrung der Nutzung von Informationen nach den allgemeinen Gesetzen bleiben hiervon unber\u00fchrt. Eine diesbez\u00fcgliche Haftung ist jedoch erst ab dem Zeitpunkt der Kenntnis einer konkreten Rechtsverletzung m\u00f6glich. Bei Bekanntwerden von entsprechenden Rechtsverletzungen werden wir diese Inhalte umgehend entfernen.<\/p>\n\n\n\n<p class=\"has-medium-font-size\"><strong>Haftung f\u00fcr Links<\/strong><\/p>\n\n\n\n<p>Unser Angebot enth\u00e4lt Links zu externen Websites Dritter, auf deren Inhalte wir keinen Einfluss haben. Deshalb k\u00f6nnen wir f\u00fcr diese fremden Inhalte auch keine Gew\u00e4hr \u00fcbernehmen. F\u00fcr die Inhalte der verlinkten Seiten ist stets der jeweilige Anbieter oder Betreiber der Seiten verantwortlich. Die verlinkten Seiten wurden zum Zeitpunkt der Verlinkung auf m\u00f6gliche Rechtsverst\u00f6\u00dfe \u00fcberpr\u00fcft. Rechtswidrige Inhalte waren zum Zeitpunkt der Verlinkung nicht erkennbar. Eine permanente inhaltliche Kontrolle der verlinkten Seiten ist jedoch ohne konkrete Anhaltspunkte einer Rechtsverletzung nicht zumutbar. Bei Bekanntwerden von Rechtsverletzungen werden wir derartige Links umgehend entfernen.<\/p>\n\n\n\n<p class=\"has-medium-font-size\"><strong>Urheberrecht<\/strong><\/p>\n\n\n\n<p>Die durch die Seitenbetreiber erstellten Inhalte und Werke auf diesen Seiten unterliegen dem deutschen Urheberrecht. Die Vervielf\u00e4ltigung, Bearbeitung, Verbreitung und jede Art der Verwertung au\u00dferhalb der Grenzen des Urheberrechtes bed\u00fcrfen der schriftlichen Zustimmung des jeweiligen Autors bzw. Erstellers. Downloads und Kopien dieser Seite sind nur f\u00fcr den privaten, nicht kommerziellen Gebrauch gestattet. Soweit die Inhalte auf dieser Seite nicht vom Betreiber erstellt wurden, werden die Urheberrechte Dritter beachtet. Insbesondere werden Inhalte Dritter als solche gekennzeichnet. Sollten Sie trotzdem auf eine Urheberrechtsverletzung aufmerksam werden, bitten wir um einen entsprechenden Hinweis. Bei Bekanntwerden von Rechtsverletzungen werden wir derartige Inhalte umgehend entfernen.<\/p>\n\n\n\n<h3 class=\"wp-block-heading has-medium-font-size\"><strong>Allgemeine Hinweise zur Datenverarbeitung<\/strong> <\/h3>\n\n\n\n<p>Der Schutz Ihrer pers\u00f6nlichen Daten ist uns ein wichtiges Anliegen. Wir verarbeiten Ihre Daten ausschlie\u00dflich auf Grundlage der gesetzlichen Bestimmungen, insbesondere der Datenschutz-Grundverordnung (DSGVO).<\/p>\n\n\n\n<p>Quelle: eRecht24<\/p>\n","protected":false},"excerpt":{"rendered":"<p>Angaben gem\u00e4\u00df \u00a7 5 TMG: Kleingartenverein Daueranlage Am Dammsteg e.V. Hersfelder Str. 8 40229 D\u00fcsseldorf Vertreten durch: 1. Vorsitzender:&nbsp;Hans Jenschke 2. Vorsitzender:\u00a0Mario Raszeja Schriftf\u00fchrer:\u00a0Nina Grethe Kassiererin:&nbsp;Claudia Schmidt Fachberater:&nbsp;Marco Eichhorn Kontakt: E-Mail: info@kgv-amdammsteg.de Registereintrag: Eintragung im Vereinsregister Registergericht: Amtsgericht D\u00fcsseldorf Registernummer: Verantwortlich f\u00fcr den Inhalt der &hellip; <\/p>\n","protected":false},"author":1,"featured_media":0,"parent":0,"menu_order":0,"comment_status":"closed","ping_status":"closed","template":"","meta":{"footnotes":""},"class_list":["post-42","page","type-page","status-publish","hentry"],"_links":{"self":[{"href":"https:\/\/kgv-amdammsteg.de\/index.php?rest_route=\/wp\/v2\/pages\/42","targetHints":{"allow":["GET"]}}],"collection":[{"href":"https:\/\/kgv-amdammsteg.de\/index.php?rest_route=\/wp\/v2\/pages"}],"about":[{"href":"https:\/\/kgv-amdammsteg.de\/index.php?rest_route=\/wp\/v2\/types\/page"}],"author":[{"embeddable":true,"href":"https:\/\/kgv-amdammsteg.de\/index.php?rest_route=\/wp\/v2\/users\/1"}],"replies":[{"embeddable":true,"href":"https:\/\/kgv-amdammsteg.de\/index.php?rest_route=%2Fwp%2Fv2%2Fcomments&post=42"}],"version-history":[{"count":7,"href":"https:\/\/kgv-amdammsteg.de\/index.php?rest_route=\/wp\/v2\/pages\/42\/revisions"}],"predecessor-version":[{"id":317,"href":"https:\/\/kgv-amdammsteg.de\/index.php?rest_route=\/wp\/v2\/pages\/42\/revisions\/317"}],"wp:attachment":[{"href":"https:\/\/kgv-amdammsteg.de\/index.php?rest_route=%2Fwp%2Fv2%2Fmedia&parent=42"}],"curies":[{"name":"wp","href":"https:\/\/api.w.org\/{rel}","templated":true}]}}